{"id":16,"date":"2020-11-10T18:35:16","date_gmt":"2020-11-10T21:35:16","guid":{"rendered":"http:\/\/ead.itcb.org.br\/loja\/?page_id=16"},"modified":"2023-11-13T12:28:39","modified_gmt":"2023-11-13T15:28:39","slug":"principal","status":"publish","type":"page","link":"https:\/\/ead.pramana.org.br\/loja\/","title":{"rendered":"Principal"},"content":{"rendered":"<p>[et_pb_section fb_built=&#8221;1&#8243; admin_label=&#8221;Hero&#8221; _builder_version=&#8221;4.16&#8243; background_color_gradient_direction=&#8221;60deg&#8221; background_image=&#8221;https:\/\/ead.itcb.org.br\/loja\/wp-content\/uploads\/2020\/12\/foto-24-2-e1609202063890.png&#8221; width=&#8221;100%&#8221; module_alignment=&#8221;center&#8221; min_height=&#8221;403px&#8221; custom_padding=&#8221;56px|0px|92px|0px||&#8221; filter_opacity=&#8221;65%&#8221; filter_hue_rotate_last_edited=&#8221;off|desktop&#8221; filter_opacity_tablet=&#8221;&#8221; filter_opacity_phone=&#8221;&#8221; filter_opacity_last_edited=&#8221;on|desktop&#8221; global_colors_info=&#8221;{}&#8221;][et_pb_row _builder_version=&#8221;4.16&#8243; custom_margin=&#8221;|auto|||false|false&#8221; custom_padding=&#8221;|||&#8221; global_colors_info=&#8221;{}&#8221;][et_pb_column type=&#8221;4_4&#8243; _builder_version=&#8221;4.16&#8243; custom_padding=&#8221;||60px|&#8221; global_colors_info=&#8221;{}&#8221; custom_padding__hover=&#8221;|||&#8221;][et_pb_text _builder_version=&#8221;4.16&#8243; text_font=&#8221;Open Sans|700|||||||&#8221; text_text_color=&#8221;#000000&#8243; text_font_size=&#8221;19px&#8221; text_line_height=&#8221;1.8em&#8221; header_font=&#8221;Poppins||||||||&#8221; header_text_color=&#8221;#000000&#8243; header_font_size=&#8221;36px&#8221; header_line_height=&#8221;1.4em&#8221; background_layout=&#8221;dark&#8221; max_width=&#8221;862px&#8221; custom_margin=&#8221;|42px||||&#8221; custom_padding=&#8221;|4px||||&#8221; global_colors_info=&#8221;{}&#8221;]<\/p>\n<h1><strong>Cursos do Instituto Pram\u0101\u1e47a<\/strong><\/h1>\n<p><span style=\"font-size: 19px;\">Os estudos e pesquisas da Gradua\u00e7\u00e3o livre e P\u00f3s Gradua\u00e7\u00e3o livre em Teologia Budista contam com bibliografia especializada, publicada com exclusividade para o Curso, em obras cl\u00e1ssicas e contempor\u00e2neas do campo da Ci\u00eancias Budistas e da Filosofia.<\/span><\/p>\n<p>[\/et_pb_text][et_pb_button button_url=&#8221;https:\/\/pramana.org.br&#8221; button_text=&#8221;Conhe\u00e7a nossos cursos&#8221; button_alignment=&#8221;left&#8221; _builder_version=&#8221;4.16&#8243; custom_button=&#8221;on&#8221; button_text_size=&#8221;14px&#8221; button_text_color=&#8221;#ffffff&#8221; button_bg_color=&#8221;#e02b20&#8243; button_border_width=&#8221;0px&#8221; button_border_radius=&#8221;100px&#8221; button_letter_spacing=&#8221;1px&#8221; button_font=&#8221;Poppins|800||on|||||&#8221; button_use_icon=&#8221;off&#8221; background_layout=&#8221;dark&#8221; custom_padding=&#8221;10px|30px|10px|30px&#8221; animation_style=&#8221;fade&#8221; box_shadow_style=&#8221;preset3&#8243; box_shadow_vertical=&#8221;8px&#8221; box_shadow_color=&#8221;rgba(0,137,242,0.61)&#8221; button_letter_spacing_hover=&#8221;1px&#8221; global_colors_info=&#8221;{}&#8221; button_text_size__hover_enabled=&#8221;off&#8221; button_one_text_size__hover_enabled=&#8221;off&#8221; button_two_text_size__hover_enabled=&#8221;off&#8221; button_text_color__hover_enabled=&#8221;off&#8221; button_one_text_color__hover_enabled=&#8221;off&#8221; button_two_text_color__hover_enabled=&#8221;off&#8221; button_border_width__hover_enabled=&#8221;off&#8221; button_one_border_width__hover_enabled=&#8221;off&#8221; button_two_border_width__hover_enabled=&#8221;off&#8221; button_border_color__hover_enabled=&#8221;off&#8221; button_one_border_color__hover_enabled=&#8221;off&#8221; button_two_border_color__hover_enabled=&#8221;off&#8221; button_border_radius__hover_enabled=&#8221;off&#8221; button_one_border_radius__hover_enabled=&#8221;off&#8221; button_two_border_radius__hover_enabled=&#8221;off&#8221; button_letter_spacing__hover_enabled=&#8221;on&#8221; button_letter_spacing__hover=&#8221;1px&#8221; button_one_letter_spacing__hover_enabled=&#8221;off&#8221; button_two_letter_spacing__hover_enabled=&#8221;off&#8221; button_bg_color__hover_enabled=&#8221;off&#8221; button_one_bg_color__hover_enabled=&#8221;off&#8221; button_two_bg_color__hover_enabled=&#8221;off&#8221;][\/et_pb_button][\/et_pb_column][\/et_pb_row][\/et_pb_section][et_pb_section fb_built=&#8221;1&#8243; admin_label=&#8221;Features&#8221; _builder_version=&#8221;4.16&#8243; custom_padding=&#8221;22px|0px|100px|0px||&#8221; global_colors_info=&#8221;{}&#8221;][et_pb_row column_structure=&#8221;1_3,1_3,1_3&#8243; _builder_version=&#8221;4.16&#8243; width=&#8221;78%&#8221; global_colors_info=&#8221;{}&#8221;][et_pb_column type=&#8221;1_3&#8243; _builder_version=&#8221;4.16&#8243; custom_padding=&#8221;|||&#8221; global_colors_info=&#8221;{}&#8221; custom_padding__hover=&#8221;|||&#8221;][et_pb_blurb title=&#8221;cursos do Instituto pram\u0101\u1e47a&#8221; url=&#8221;https:\/\/ead.pramana.org.br\/loja\/index.php\/product-category\/cursos\/&#8221; image=&#8221;https:\/\/ead.pramana.org.br\/loja\/wp-content\/uploads\/2020\/12\/iStock-1175379199-LOGIN-PLATAFORMA-EAD-scaled-e1608934605416.jpg&#8221; image_icon_width=&#8221;89%&#8221; _builder_version=&#8221;4.19.5&#8243; header_font=&#8221;Poppins|600||on|||||&#8221; header_text_color=&#8221;#993300&#8243; header_font_size=&#8221;21px&#8221; header_line_height=&#8221;1.4em&#8221; body_font=&#8221;Poppins||||||||&#8221; body_text_color=&#8221;#000000&#8243; body_font_size=&#8221;16px&#8221; body_line_height=&#8221;1.8em&#8221; text_orientation=&#8221;center&#8221; max_width=&#8221;100%&#8221; max_width_last_edited=&#8221;off|desktop&#8221; animation_style=&#8221;fade&#8221; animation=&#8221;off&#8221; hover_enabled=&#8221;0&#8243; border_radii_image=&#8221;on|30px|30px|30px|30px&#8221; border_width_all_image=&#8221;2px&#8221; border_color_all_image=&#8221;rgba(0,0,0,0)&#8221; image_max_width=&#8221;89%&#8221; global_colors_info=&#8221;{}&#8221; sticky_enabled=&#8221;0&#8243;]<\/p>\n<p>Acesse para efetuar sua matr\u00edcula nos cursos de Teologia Budista do Pramana.<\/p>\n<p>[\/et_pb_blurb][\/et_pb_column][et_pb_column type=&#8221;1_3&#8243; _builder_version=&#8221;4.16&#8243; custom_padding=&#8221;|||&#8221; global_colors_info=&#8221;{}&#8221; custom_padding__hover=&#8221;|||&#8221;][et_pb_blurb title=&#8221;contribui\u00e7\u00e3o de associado&#8221; url=&#8221;https:\/\/ead.pramana.org.br\/loja\/index.php\/product-category\/associacao\/&#8221; image=&#8221;https:\/\/ead.pramana.org.br\/loja\/wp-content\/uploads\/2021\/01\/carta\u0303o-associado-e1610464894897.jpg&#8221; _builder_version=&#8221;4.19.5&#8243; header_level=&#8221;h3&#8243; header_font=&#8221;Poppins|600||on|||||&#8221; header_text_color=&#8221;#993300&#8243; header_font_size=&#8221;21px&#8221; header_line_height=&#8221;1.4em&#8221; body_font=&#8221;Poppins||||||||&#8221; body_text_color=&#8221;#000000&#8243; body_font_size=&#8221;16px&#8221; body_line_height=&#8221;1.8em&#8221; text_orientation=&#8221;center&#8221; max_width_last_edited=&#8221;off|desktop&#8221; animation_style=&#8221;fade&#8221; animation_delay=&#8221;100ms&#8221; animation=&#8221;off&#8221; hover_enabled=&#8221;0&#8243; border_color_all=&#8221;rgba(0,0,0,0)&#8221; border_radii_image=&#8221;on|30px|30px|30px|30px&#8221; border_width_all_image=&#8221;2px&#8221; border_color_all_image=&#8221;rgba(0,0,0,0.1)&#8221; global_colors_info=&#8221;{}&#8221; sticky_enabled=&#8221;0&#8243;]<\/p>\n<p>Acesse para come\u00e7ar sua contribui\u00e7\u00e3o mensal como associado BUDA.<\/p>\n<p>[\/et_pb_blurb][\/et_pb_column][et_pb_column type=&#8221;1_3&#8243; _builder_version=&#8221;4.16&#8243; custom_padding=&#8221;|||&#8221; global_colors_info=&#8221;{}&#8221; custom_padding__hover=&#8221;|||&#8221;][et_pb_blurb title=&#8221;lIVROS&#8221; url=&#8221;https:\/\/loja.buda.org.br\/&#8221; image=&#8221;https:\/\/ead.pramana.org.br\/loja\/wp-content\/uploads\/2023\/02\/livros-recorte-1.webp&#8221; _builder_version=&#8221;4.19.5&#8243; header_font=&#8221;Poppins|600||on|||||&#8221; header_text_color=&#8221;#993300&#8243; header_font_size=&#8221;21px&#8221; header_line_height=&#8221;1.4em&#8221; body_font=&#8221;Poppins||||||||&#8221; body_text_color=&#8221;#000000&#8243; body_font_size=&#8221;16px&#8221; body_line_height=&#8221;1.8em&#8221; text_orientation=&#8221;center&#8221; max_width_last_edited=&#8221;off|desktop&#8221; animation_style=&#8221;fade&#8221; animation_delay=&#8221;200ms&#8221; animation=&#8221;off&#8221; border_radii_image=&#8221;on|30px|30px|30px|30px&#8221; border_width_all_image=&#8221;2px&#8221; border_color_all_image=&#8221;rgba(0,0,0,0)&#8221; locked=&#8221;off&#8221; global_colors_info=&#8221;{}&#8221;]<\/p>\n<p>Acesse para adquirir os livros lan\u00e7ados pela Editora BUDA.<\/p>\n<p>[\/et_pb_blurb][\/et_pb_column][\/et_pb_row][et_pb_row column_structure=&#8221;1_2,1_2&#8243; use_custom_gutter=&#8221;on&#8221; make_equal=&#8221;on&#8221; module_class=&#8221; et_pb_row_fullwidth&#8221; _builder_version=&#8221;4.16&#8243; background_color=&#8221;#f7f7f7&#8243; width=&#8221;89%&#8221; width_tablet=&#8221;80%&#8221; width_phone=&#8221;&#8221; width_last_edited=&#8221;on|desktop&#8221; max_width=&#8221;56%&#8221; max_width_tablet=&#8221;80%&#8221; max_width_phone=&#8221;&#8221; max_width_last_edited=&#8221;on|desktop&#8221; module_alignment=&#8221;center&#8221; make_fullwidth=&#8221;on&#8221; global_colors_info=&#8221;{}&#8221;][et_pb_column type=&#8221;1_2&#8243; _builder_version=&#8221;4.16&#8243; custom_padding=&#8221;|||&#8221; global_colors_info=&#8221;{}&#8221; custom_padding__hover=&#8221;|||&#8221;][et_pb_image src=&#8221;https:\/\/ead.pramana.org.br\/loja\/wp-content\/uploads\/2020\/12\/menina-site.jpeg&#8221; title_text=&#8221;menina site&#8221; align=&#8221;right&#8221; align_tablet=&#8221;center&#8221; align_phone=&#8221;&#8221; align_last_edited=&#8221;on|desktop&#8221; _builder_version=&#8221;4.16&#8243; width=&#8221;90%&#8221; module_alignment=&#8221;right&#8221; min_height=&#8221;230px&#8221; custom_margin=&#8221;30px|30px|30px|30px|false|false&#8221; custom_padding=&#8221;6px|0px|0px|0px||&#8221; animation_style=&#8221;fade&#8221; locked=&#8221;off&#8221; global_colors_info=&#8221;{}&#8221;][\/et_pb_image][\/et_pb_column][et_pb_column type=&#8221;1_2&#8243; _builder_version=&#8221;4.16&#8243; custom_padding=&#8221;|||&#8221; global_colors_info=&#8221;{}&#8221; custom_padding__hover=&#8221;|||&#8221;][et_pb_text _builder_version=&#8221;4.16&#8243; text_font=&#8221;Open Sans||||||||&#8221; text_font_size=&#8221;19px&#8221; text_line_height=&#8221;1.8em&#8221; header_font=&#8221;||||||||&#8221; header_2_font=&#8221;Poppins||||||||&#8221; header_2_font_size=&#8221;28px&#8221; header_2_line_height=&#8221;1.4em&#8221; header_3_font=&#8221;||||||||&#8221; max_width=&#8221;550px&#8221; module_alignment=&#8221;center&#8221; custom_margin=&#8221;|||-49px||&#8221; custom_padding=&#8221;|2px||40px|false|false&#8221; locked=&#8221;off&#8221; inline_fonts=&#8221;Arial&#8221; global_colors_info=&#8221;{}&#8221;]<\/p>\n<h2>Voc\u00ea sabe o que \u00e9 Teologia Budista?<\/h2>\n<h3><\/h3>\n<h3><\/h3>\n<blockquote>\n<p>Teologia budista \u00e9 um ramo do estudo acad\u00eamico universit\u00e1rio que trata da an\u00e1lise da tradi\u00e7\u00e3o budista, com suas diversas Escolas, sob o vi\u00e9s da metodologia cient\u00edfica aplicada \u00e0s Escrituras, Tratados e C\u00f3digos Morais. Assim, \u00e9 poss\u00edvel o desenvolvimento de conhecimento racional e anal\u00edtico que est\u00e1 dentro do registro brasileiro, dentro da nossa linguagem, da nossa estrutura de conhecimento.<\/p>\n<\/blockquote>\n<p>[\/et_pb_text][\/et_pb_column][\/et_pb_row][\/et_pb_section][et_pb_section fb_built=&#8221;1&#8243; _builder_version=&#8221;4.16&#8243; background_color=&#8221;#f7f7f7&#8243; module_alignment=&#8221;center&#8221; custom_padding=&#8221;100px|0px|100px|0px&#8221; collapsed=&#8221;off&#8221; global_colors_info=&#8221;{}&#8221;][\/et_pb_section]<\/p>\n","protected":false},"excerpt":{"rendered":"<p>Cursos do Instituto Pram\u0101\u1e47a Os estudos e pesquisas da Gradua\u00e7\u00e3o livre e P\u00f3s Gradua\u00e7\u00e3o livre em Teologia Budista contam com bibliografia especializada, publicada com exclusividade para o Curso, em obras cl\u00e1ssicas e contempor\u00e2neas do campo da Ci\u00eancias Budistas e da Filosofia.Acesse para efetuar sua matr\u00edcula nos cursos de Teologia Budista do Pramana.Acesse para come\u00e7ar sua [&hellip;]<\/p>\n","protected":false},"author":1,"featured_media":0,"parent":0,"menu_order":0,"comment_status":"closed","ping_status":"closed","template":"","meta":{"_et_pb_use_builder":"on","_et_pb_old_content":"","_et_gb_content_width":"","footnotes":""},"jetpack_sharing_enabled":true,"_links":{"self":[{"href":"https:\/\/ead.pramana.org.br\/loja\/index.php\/wp-json\/wp\/v2\/pages\/16"}],"collection":[{"href":"https:\/\/ead.pramana.org.br\/loja\/index.php\/wp-json\/wp\/v2\/pages"}],"about":[{"href":"https:\/\/ead.pramana.org.br\/loja\/index.php\/wp-json\/wp\/v2\/types\/page"}],"author":[{"embeddable":true,"href":"https:\/\/ead.pramana.org.br\/loja\/index.php\/wp-json\/wp\/v2\/users\/1"}],"replies":[{"embeddable":true,"href":"https:\/\/ead.pramana.org.br\/loja\/index.php\/wp-json\/wp\/v2\/comments?post=16"}],"version-history":[{"count":40,"href":"https:\/\/ead.pramana.org.br\/loja\/index.php\/wp-json\/wp\/v2\/pages\/16\/revisions"}],"predecessor-version":[{"id":3037,"href":"https:\/\/ead.pramana.org.br\/loja\/index.php\/wp-json\/wp\/v2\/pages\/16\/revisions\/3037"}],"wp:attachment":[{"href":"https:\/\/ead.pramana.org.br\/loja\/index.php\/wp-json\/wp\/v2\/media?parent=16"}],"curies":[{"name":"wp","href":"https:\/\/api.w.org\/{rel}","templated":true}]}}