{"id":3562,"date":"2025-09-01T00:01:19","date_gmt":"2025-09-01T03:01:19","guid":{"rendered":"https:\/\/ead.pramana.org.br\/loja\/?post_type=product&#038;p=3562"},"modified":"2026-04-12T09:55:47","modified_gmt":"2026-04-12T12:55:47","slug":"mensalidade-recorrente-bolsista-3-meses","status":"publish","type":"product","link":"https:\/\/ead.pramana.org.br\/loja\/index.php\/product\/mensalidade-recorrente-bolsista-3-meses\/","title":{"rendered":"MENSALIDADE RECORRENTE (Bolsista) 3 meses"},"content":{"rendered":"<p>MENSALIDADE RECORRENTE PARA ALUNO REGULAR DO CURSO DE GRADUA\u00c7\u00c3O LIVRE EM TEOLOGIA DO INSTITUTO PRAMANA.<\/p>\n<p>REALIZAR O PAGAMENTO AT\u00c9 O DIA 15 DO M\u00caS.<b><\/b><\/p>\n","protected":false},"excerpt":{"rendered":"<p>MENSALIDADE RECORRENTE PARA ALUNO REGULAR DO CURSO DE GRADUA\u00c7\u00c3O LIVRE EM TEOLOGIA DO INSTITUTO PRAMANA. REALIZAR O PAGAMENTO AT\u00c9 O DIA 15 DO M\u00caS.<\/p>\n","protected":false},"featured_media":573,"comment_status":"open","ping_status":"closed","template":"","meta":{"_et_pb_use_builder":"","_et_pb_old_content":"","_et_gb_content_width":""},"product_cat":[15],"product_tag":[],"jetpack_sharing_enabled":true,"_links":{"self":[{"href":"https:\/\/ead.pramana.org.br\/loja\/index.php\/wp-json\/wp\/v2\/product\/3562"}],"collection":[{"href":"https:\/\/ead.pramana.org.br\/loja\/index.php\/wp-json\/wp\/v2\/product"}],"about":[{"href":"https:\/\/ead.pramana.org.br\/loja\/index.php\/wp-json\/wp\/v2\/types\/product"}],"replies":[{"embeddable":true,"href":"https:\/\/ead.pramana.org.br\/loja\/index.php\/wp-json\/wp\/v2\/comments?post=3562"}],"wp:featuredmedia":[{"embeddable":true,"href":"https:\/\/ead.pramana.org.br\/loja\/index.php\/wp-json\/wp\/v2\/media\/573"}],"wp:attachment":[{"href":"https:\/\/ead.pramana.org.br\/loja\/index.php\/wp-json\/wp\/v2\/media?parent=3562"}],"wp:term":[{"taxonomy":"product_cat","embeddable":true,"href":"https:\/\/ead.pramana.org.br\/loja\/index.php\/wp-json\/wp\/v2\/product_cat?post=3562"},{"taxonomy":"product_tag","embeddable":true,"href":"https:\/\/ead.pramana.org.br\/loja\/index.php\/wp-json\/wp\/v2\/product_tag?post=3562"}],"curies":[{"name":"wp","href":"https:\/\/api.w.org\/{rel}","templated":true}]}}