{"id":4654,"date":"2026-01-05T19:58:39","date_gmt":"2026-01-05T22:58:39","guid":{"rendered":"https:\/\/ead.pramana.org.br\/loja\/?post_type=product&#038;p=4654"},"modified":"2026-01-05T19:59:28","modified_gmt":"2026-01-05T22:59:28","slug":"associacao-adesao-recorrente-anual-minimo","status":"publish","type":"product","link":"https:\/\/ead.pramana.org.br\/loja\/index.php\/product\/associacao-adesao-recorrente-anual-minimo\/","title":{"rendered":"Associa\u00e7\u00e3o &#8211; Ades\u00e3o RECORRENTE (anual) &#8211; Valor M\u00cdNIMO"},"content":{"rendered":"<p>Plano recorrente de pagamento da mensalidade da Associa\u00e7\u00e3o BUDA.<\/p>\n","protected":false},"excerpt":{"rendered":"<p>Plano recorrente de pagamento da mensalidade da Associa\u00e7\u00e3o BUDA.<\/p>\n","protected":false},"featured_media":84,"comment_status":"open","ping_status":"closed","template":"","meta":{"_et_pb_use_builder":"","_et_pb_old_content":"","_et_gb_content_width":""},"product_cat":[37],"product_tag":[],"jetpack_sharing_enabled":true,"_links":{"self":[{"href":"https:\/\/ead.pramana.org.br\/loja\/index.php\/wp-json\/wp\/v2\/product\/4654"}],"collection":[{"href":"https:\/\/ead.pramana.org.br\/loja\/index.php\/wp-json\/wp\/v2\/product"}],"about":[{"href":"https:\/\/ead.pramana.org.br\/loja\/index.php\/wp-json\/wp\/v2\/types\/product"}],"replies":[{"embeddable":true,"href":"https:\/\/ead.pramana.org.br\/loja\/index.php\/wp-json\/wp\/v2\/comments?post=4654"}],"wp:featuredmedia":[{"embeddable":true,"href":"https:\/\/ead.pramana.org.br\/loja\/index.php\/wp-json\/wp\/v2\/media\/84"}],"wp:attachment":[{"href":"https:\/\/ead.pramana.org.br\/loja\/index.php\/wp-json\/wp\/v2\/media?parent=4654"}],"wp:term":[{"taxonomy":"product_cat","embeddable":true,"href":"https:\/\/ead.pramana.org.br\/loja\/index.php\/wp-json\/wp\/v2\/product_cat?post=4654"},{"taxonomy":"product_tag","embeddable":true,"href":"https:\/\/ead.pramana.org.br\/loja\/index.php\/wp-json\/wp\/v2\/product_tag?post=4654"}],"curies":[{"name":"wp","href":"https:\/\/api.w.org\/{rel}","templated":true}]}}