{"id":4656,"date":"2026-01-06T00:38:53","date_gmt":"2026-01-06T03:38:53","guid":{"rendered":"https:\/\/ead.pramana.org.br\/loja\/?post_type=product&#038;p=4656"},"modified":"2026-01-06T00:40:17","modified_gmt":"2026-01-06T03:40:17","slug":"associacao-buda-mensal-minimo","status":"publish","type":"product","link":"https:\/\/ead.pramana.org.br\/loja\/index.php\/product\/associacao-buda-mensal-minimo\/","title":{"rendered":"Associa\u00e7\u00e3o BUDA (Mensal) &#8211; Valor M\u00cdNIMO"},"content":{"rendered":"<p><span style=\"font-weight: 400;\">Contribui\u00e7\u00e3o mensal em prol da Associa\u00e7\u00e3o BUDA (Buddha Dharma).<\/span><\/p>\n<p><span style=\"font-weight: 400;\">Os associados BUDA possuem acesso a uma \u00e1rea no site da Associa\u00e7\u00e3o (http:\/\/buda.org.br\/canal\/acesso\/) onde poder\u00e3o acompanhar as novidades e palestras exclusivas.\u00a0<\/span><\/p>\n<p><span style=\"font-weight: 400;\">Todas as contribui\u00e7\u00f5es impactam positivamente na execu\u00e7\u00e3o de todos os projetos sociais da Associa\u00e7\u00e3o BUDA, raz\u00e3o pela qual desde j\u00e1 agradecemos a todos os associados e os convidamos a acessar as informa\u00e7\u00f5es sobre nossos projetos sociais: https:\/\/buda.org.br\/acoes-sociais\/.<\/span><\/p>\n<p><span style=\"font-weight: 400;\">Al\u00e9m do mais, convidamos ao acesso em nossas p\u00e1ginas nas m\u00eddias sociais como Instagram (@associacaobuda) e Facebook (@AssociacaoBUDA).<\/span><\/p>\n<p><span style=\"font-weight: 400;\">Caso o associado deseje o cancelamento de seu status associativo dever\u00e1 entrar em contato com a Secretaria, para que as contribui\u00e7\u00f5es mensais sejam canceladas, atrav\u00e9s do e-mail: secretaria@buda.org.br.<\/span><\/p>\n","protected":false},"excerpt":{"rendered":"<p>Contribui\u00e7\u00e3o mensal em prol da Associa\u00e7\u00e3o BUDA (Buddha Dharma). Os associados BUDA possuem acesso a uma \u00e1rea no site da Associa\u00e7\u00e3o (http:\/\/buda.org.br\/canal\/acesso\/) onde poder\u00e3o acompanhar as novidades e palestras exclusivas.\u00a0 Todas as contribui\u00e7\u00f5es impactam positivamente na execu\u00e7\u00e3o de todos os projetos sociais da Associa\u00e7\u00e3o BUDA, raz\u00e3o pela qual desde j\u00e1 agradecemos a todos os associados [&hellip;]<\/p>\n","protected":false},"featured_media":84,"comment_status":"open","ping_status":"closed","template":"","meta":{"_et_pb_use_builder":"","_et_pb_old_content":"","_et_gb_content_width":""},"product_cat":[37],"product_tag":[],"jetpack_sharing_enabled":true,"_links":{"self":[{"href":"https:\/\/ead.pramana.org.br\/loja\/index.php\/wp-json\/wp\/v2\/product\/4656"}],"collection":[{"href":"https:\/\/ead.pramana.org.br\/loja\/index.php\/wp-json\/wp\/v2\/product"}],"about":[{"href":"https:\/\/ead.pramana.org.br\/loja\/index.php\/wp-json\/wp\/v2\/types\/product"}],"replies":[{"embeddable":true,"href":"https:\/\/ead.pramana.org.br\/loja\/index.php\/wp-json\/wp\/v2\/comments?post=4656"}],"wp:featuredmedia":[{"embeddable":true,"href":"https:\/\/ead.pramana.org.br\/loja\/index.php\/wp-json\/wp\/v2\/media\/84"}],"wp:attachment":[{"href":"https:\/\/ead.pramana.org.br\/loja\/index.php\/wp-json\/wp\/v2\/media?parent=4656"}],"wp:term":[{"taxonomy":"product_cat","embeddable":true,"href":"https:\/\/ead.pramana.org.br\/loja\/index.php\/wp-json\/wp\/v2\/product_cat?post=4656"},{"taxonomy":"product_tag","embeddable":true,"href":"https:\/\/ead.pramana.org.br\/loja\/index.php\/wp-json\/wp\/v2\/product_tag?post=4656"}],"curies":[{"name":"wp","href":"https:\/\/api.w.org\/{rel}","templated":true}]}}