{"id":53,"date":"2020-12-03T07:57:39","date_gmt":"2020-12-03T10:57:39","guid":{"rendered":"https:\/\/ead.itcb.org.br\/loja\/?post_type=product&#038;p=53"},"modified":"2026-02-17T05:55:58","modified_gmt":"2026-02-17T08:55:58","slug":"matricula-no-curso-de-graduacao-livre","status":"publish","type":"product","link":"https:\/\/ead.pramana.org.br\/loja\/index.php\/product\/matricula-no-curso-de-graduacao-livre\/","title":{"rendered":"MATR\u00cdCULA &#8211; Teologia Budista"},"content":{"rendered":"<p><span style=\"font-weight: 400;\">Matr\u00edcula no curso de Gradua\u00e7\u00e3o Livre em Teologia Budista<\/span><\/p>\n<p>&nbsp;<\/p>\n<h3><b><font color=\"#FF0000\"><a href=\"https:\/\/ead.pramana.org.br\/loja\/wp-content\/uploads\/2025\/01\/Tutorial_Mensalidades_-_Web.pdf\" target=\"_blank\" rel=\"noopener\">Precisa de ajuda?<\/a><\/font><\/b><\/h3>\n","protected":false},"excerpt":{"rendered":"<p><a href=\"https:\/\/ead.pramana.org.br\/loja\/wp-content\/uploads\/2025\/01\/Tutorial_Mensalidades_-_Web.pdf\" target=\"_blank\" rel=\"noopener\">Precisa de ajuda?<\/a><\/p>\n","protected":false},"featured_media":573,"comment_status":"open","ping_status":"closed","template":"","meta":{"_et_pb_use_builder":"","_et_pb_old_content":"","_et_gb_content_width":""},"product_cat":[42],"product_tag":[],"jetpack_sharing_enabled":true,"_links":{"self":[{"href":"https:\/\/ead.pramana.org.br\/loja\/index.php\/wp-json\/wp\/v2\/product\/53"}],"collection":[{"href":"https:\/\/ead.pramana.org.br\/loja\/index.php\/wp-json\/wp\/v2\/product"}],"about":[{"href":"https:\/\/ead.pramana.org.br\/loja\/index.php\/wp-json\/wp\/v2\/types\/product"}],"replies":[{"embeddable":true,"href":"https:\/\/ead.pramana.org.br\/loja\/index.php\/wp-json\/wp\/v2\/comments?post=53"}],"wp:featuredmedia":[{"embeddable":true,"href":"https:\/\/ead.pramana.org.br\/loja\/index.php\/wp-json\/wp\/v2\/media\/573"}],"wp:attachment":[{"href":"https:\/\/ead.pramana.org.br\/loja\/index.php\/wp-json\/wp\/v2\/media?parent=53"}],"wp:term":[{"taxonomy":"product_cat","embeddable":true,"href":"https:\/\/ead.pramana.org.br\/loja\/index.php\/wp-json\/wp\/v2\/product_cat?post=53"},{"taxonomy":"product_tag","embeddable":true,"href":"https:\/\/ead.pramana.org.br\/loja\/index.php\/wp-json\/wp\/v2\/product_tag?post=53"}],"curies":[{"name":"wp","href":"https:\/\/api.w.org\/{rel}","templated":true}]}}