{"id":640,"date":"2025-08-10T18:39:25","date_gmt":"2025-08-10T21:39:25","guid":{"rendered":"https:\/\/ead.itcb.org.br\/loja\/?post_type=product&#038;p=640"},"modified":"2026-01-05T20:00:47","modified_gmt":"2026-01-05T23:00:47","slug":"associacao-adesao-recorrente-medio","status":"publish","type":"product","link":"https:\/\/ead.pramana.org.br\/loja\/index.php\/product\/associacao-adesao-recorrente-medio\/","title":{"rendered":"Associa\u00e7\u00e3o &#8211; Ades\u00e3o RECORRENTE (anual) &#8211; Valor M\u00c9DIO"},"content":{"rendered":"<p>Plano recorrente de pagamento da mensalidade da Associa\u00e7\u00e3o BUDA.<\/p>\n","protected":false},"excerpt":{"rendered":"<p>Plano recorrente de pagamento da mensalidade da Associa\u00e7\u00e3o BUDA.<\/p>\n","protected":false},"featured_media":84,"comment_status":"open","ping_status":"closed","template":"","meta":{"_et_pb_use_builder":"","_et_pb_old_content":"","_et_gb_content_width":""},"product_cat":[37],"product_tag":[],"jetpack_sharing_enabled":true,"_links":{"self":[{"href":"https:\/\/ead.pramana.org.br\/loja\/index.php\/wp-json\/wp\/v2\/product\/640"}],"collection":[{"href":"https:\/\/ead.pramana.org.br\/loja\/index.php\/wp-json\/wp\/v2\/product"}],"about":[{"href":"https:\/\/ead.pramana.org.br\/loja\/index.php\/wp-json\/wp\/v2\/types\/product"}],"replies":[{"embeddable":true,"href":"https:\/\/ead.pramana.org.br\/loja\/index.php\/wp-json\/wp\/v2\/comments?post=640"}],"wp:featuredmedia":[{"embeddable":true,"href":"https:\/\/ead.pramana.org.br\/loja\/index.php\/wp-json\/wp\/v2\/media\/84"}],"wp:attachment":[{"href":"https:\/\/ead.pramana.org.br\/loja\/index.php\/wp-json\/wp\/v2\/media?parent=640"}],"wp:term":[{"taxonomy":"product_cat","embeddable":true,"href":"https:\/\/ead.pramana.org.br\/loja\/index.php\/wp-json\/wp\/v2\/product_cat?post=640"},{"taxonomy":"product_tag","embeddable":true,"href":"https:\/\/ead.pramana.org.br\/loja\/index.php\/wp-json\/wp\/v2\/product_tag?post=640"}],"curies":[{"name":"wp","href":"https:\/\/api.w.org\/{rel}","templated":true}]}}