{"id":749,"date":"2025-08-01T00:01:39","date_gmt":"2025-08-01T03:01:39","guid":{"rendered":"https:\/\/ead.pramana.org.br\/loja\/?post_type=product&#038;p=749"},"modified":"2025-12-18T14:03:43","modified_gmt":"2025-12-18T17:03:43","slug":"mensalidade-teologia-budista-bolsista","status":"publish","type":"product","link":"https:\/\/ead.pramana.org.br\/loja\/index.php\/product\/mensalidade-teologia-budista-bolsista\/","title":{"rendered":"MENSALIDADE &#8211; Teologia Budista (BOLSISTA)"},"content":{"rendered":"<p><span style=\"font-weight: 400;\">MENSALIDADE DO CURSO DE TEOLOGIA BUDISTA (GRADUA\u00c7\u00c3O E MESTRADO).<\/span><\/p>\n<p>SOMENTE REALIZE A COMPRA SE VOC\u00ca <b>N\u00c3O<\/b> FEZ A ADES\u00c3O RECORRENTE.<\/p>\n<p>A MENSALIDADE DEVE SER PAGA AT\u00c9 O<b> DIA 15<\/b> DO M\u00caS VIGENTE.<\/p>\n","protected":false},"excerpt":{"rendered":"<p>MENSALIDADE DO CURSO DE TEOLOGIA BUDISTA (GRADUA\u00c7\u00c3O E MESTRADO). SOMENTE REALIZE A COMPRA SE VOC\u00ca N\u00c3O FEZ A ADES\u00c3O RECORRENTE. A MENSALIDADE DEVE SER PAGA AT\u00c9 O DIA 15 DO M\u00caS VIGENTE.<\/p>\n","protected":false},"featured_media":573,"comment_status":"closed","ping_status":"closed","template":"","meta":{"_et_pb_use_builder":"","_et_pb_old_content":"","_et_gb_content_width":""},"product_cat":[15],"product_tag":[],"jetpack_sharing_enabled":true,"_links":{"self":[{"href":"https:\/\/ead.pramana.org.br\/loja\/index.php\/wp-json\/wp\/v2\/product\/749"}],"collection":[{"href":"https:\/\/ead.pramana.org.br\/loja\/index.php\/wp-json\/wp\/v2\/product"}],"about":[{"href":"https:\/\/ead.pramana.org.br\/loja\/index.php\/wp-json\/wp\/v2\/types\/product"}],"replies":[{"embeddable":true,"href":"https:\/\/ead.pramana.org.br\/loja\/index.php\/wp-json\/wp\/v2\/comments?post=749"}],"wp:featuredmedia":[{"embeddable":true,"href":"https:\/\/ead.pramana.org.br\/loja\/index.php\/wp-json\/wp\/v2\/media\/573"}],"wp:attachment":[{"href":"https:\/\/ead.pramana.org.br\/loja\/index.php\/wp-json\/wp\/v2\/media?parent=749"}],"wp:term":[{"taxonomy":"product_cat","embeddable":true,"href":"https:\/\/ead.pramana.org.br\/loja\/index.php\/wp-json\/wp\/v2\/product_cat?post=749"},{"taxonomy":"product_tag","embeddable":true,"href":"https:\/\/ead.pramana.org.br\/loja\/index.php\/wp-json\/wp\/v2\/product_tag?post=749"}],"curies":[{"name":"wp","href":"https:\/\/api.w.org\/{rel}","templated":true}]}}